{"id":1299,"date":"2020-08-29T03:41:01","date_gmt":"2020-08-29T03:41:01","guid":{"rendered":"https:\/\/lizguajardo.com\/index.php\/home\/"},"modified":"2026-04-28T17:57:45","modified_gmt":"2026-04-28T17:57:45","slug":"home","status":"publish","type":"page","link":"https:\/\/lizguajardo.com\/","title":{"rendered":"Home"},"content":{"rendered":"\n<div class=\"wp-block-uagb-container uagb-block-23b6824f alignfull uagb-is-root-container\"><div class=\"uagb-container-inner-blocks-wrap\">\n<div class=\"wp-block-uagb-advanced-heading uagb-block-a5fac0ba\"><h4 class=\"uagb-heading-text\">Nuevo Le\u00f3n, M\u00e9xico  \u200b<\/h4><\/div>\n\n\n\n<div class=\"wp-block-uagb-container uagb-block-8daf4c3a\">\n<div class=\"wp-block-uagb-advanced-heading uagb-block-4c57c8e6\"><h1 class=\"uagb-heading-text\">Liz Guajardo MUA<\/h1><p class=\"uagb-desc-text\">Maquillaje editorial con enfoque en piel, luz y direcci\u00f3n est\u00e9tica.<br><br>Trabajo con marcas, fot\u00f3grafos y proyectos visuales que buscan im\u00e1genes limpias, modernas y con intenci\u00f3n.<br><br>Disponible para campa\u00f1as, contenido y proyectos especiales.<\/p><\/div>\n\n\n\n<div class=\"wp-block-uagb-buttons uagb-buttons__outer-wrap uagb-btn__default-btn uagb-btn-tablet__default-btn uagb-btn-mobile__default-btn uagb-block-fe64153f\"><div class=\"uagb-buttons__wrap uagb-buttons-layout-wrap\">\n<div class=\"wp-block-uagb-buttons-child uagb-buttons__outer-wrap uagb-block-7786a66e wp-block-button is-style-outline\"><div class=\"uagb-button__wrapper\"><a class=\"uagb-buttons-repeater wp-block-button__link\" href=\"https:\/\/wa.me\/message\/FGLRDIUSF7P3H1\" onclick=\"return true;\" rel=\"follow noopener\" target=\"_blank\"><div class=\"uagb-button__link\">agenda tu cita<\/div><\/a><\/div><\/div>\n<\/div><\/div>\n<\/div>\n<\/div><div class=\"uagb-container__shape uagb-container__shape-bottom uagb-container__invert\" data-negative=\"false\"><svg xmlns=\"https:\/\/www.w3.org\/2000\/svg\" viewBox=\"0 0 1000 100\" preserveAspectRatio=\"none\"><path class=\"uagb-container__shape-fill\" d=\"M421.9,6.5c22.6-2.5,51.5,0.4,75.5,5.3c23.6,4.9,70.9,23.5,100.5,35.7c75.8,32.2,133.7,44.5,192.6,49.7  c23.6,2.1,48.7,3.5,103.4-2.5c54.7-6,106.2-25.6,106.2-25.6V0H0v30.3c0,0,72,32.6,158.4,30.5c39.2-0.7,92.8-6.7,134-22.4  c21.2-8.1,52.2-18.2,79.7-24.2C399.3,7.9,411.6,7.5,421.9,6.5z\"><\/path><\/svg><\/div><\/div>\n\n\n\n<div class=\"wp-block-uagb-container uagb-block-c61e9d23 alignfull uagb-is-root-container\"><div class=\"uagb-container-inner-blocks-wrap\"><\/div><\/div>\n\n\n\n<div class=\"wp-block-cover alignwide has-custom-content-position is-position-top-center\" style=\"min-height:417px\"><span aria-hidden=\"true\" class=\"wp-block-cover__background has-background-dim\"><\/span><img decoding=\"async\" loading=\"lazy\" width=\"1279\" height=\"1600\" class=\"wp-block-cover__image-background wp-image-2079\" alt=\"\" src=\"https:\/\/lizguajardo.com\/wp-content\/uploads\/2026\/04\/1000367232_5a81820b6e54c701f5d12d6d9c29cca1-10_2_2026-12_47_08-p.m..jpg\" style=\"object-position:33% 40%\" data-object-fit=\"cover\" data-object-position=\"33% 40%\" srcset=\"https:\/\/lizguajardo.com\/wp-content\/uploads\/2026\/04\/1000367232_5a81820b6e54c701f5d12d6d9c29cca1-10_2_2026-12_47_08-p.m..jpg 1279w, https:\/\/lizguajardo.com\/wp-content\/uploads\/2026\/04\/1000367232_5a81820b6e54c701f5d12d6d9c29cca1-10_2_2026-12_47_08-p.m.-240x300.jpg 240w, https:\/\/lizguajardo.com\/wp-content\/uploads\/2026\/04\/1000367232_5a81820b6e54c701f5d12d6d9c29cca1-10_2_2026-12_47_08-p.m.-819x1024.jpg 819w, https:\/\/lizguajardo.com\/wp-content\/uploads\/2026\/04\/1000367232_5a81820b6e54c701f5d12d6d9c29cca1-10_2_2026-12_47_08-p.m.-768x961.jpg 768w, https:\/\/lizguajardo.com\/wp-content\/uploads\/2026\/04\/1000367232_5a81820b6e54c701f5d12d6d9c29cca1-10_2_2026-12_47_08-p.m.-1228x1536.jpg 1228w\" sizes=\"(max-width: 1279px) 100vw, 1279px\" \/><div class=\"wp-block-cover__inner-container\">\n<h2 class=\"has-text-align-center\">Sobre m\u00ed<\/h2>\n\n\n\n<p class=\"has-text-align-center\">Soy maquillista profesional especializada en maquillaje editorial y belleza contempor\u00e1nea.<br>Mi trabajo se enfoca en resaltar la piel real, construir looks alineados al concepto creativo y aportar direcci\u00f3n est\u00e9tica en set.<br>He trabajado en sesiones de contenido, campa\u00f1as y proyectos donde la imagen necesita verse limpia, actual y visualmente coherente.<\/p>\n<\/div><\/div>\n\n\n\n<p><\/p>\n\n\n\n<div class=\"wp-block-uagb-container uagb-block-33c67f3e default uagb-is-root-container\">\n<div class=\"wp-block-cover aligncenter\" style=\"padding-top:0;padding-right:0;padding-bottom:0;padding-left:0\"><span aria-hidden=\"true\" class=\"wp-block-cover__background has-background-dim\"><\/span><img decoding=\"async\" loading=\"lazy\" width=\"2560\" height=\"1600\" class=\"wp-block-cover__image-background wp-image-1956\" alt=\"\" src=\"https:\/\/lizguajardo.com\/wp-content\/uploads\/2023\/02\/20220515-EZ6_62971652663680904-edited-scaled.jpg\" style=\"object-position:25% 32%\" data-object-fit=\"cover\" data-object-position=\"25% 32%\" srcset=\"https:\/\/lizguajardo.com\/wp-content\/uploads\/2023\/02\/20220515-EZ6_62971652663680904-edited-scaled.jpg 2560w, https:\/\/lizguajardo.com\/wp-content\/uploads\/2023\/02\/20220515-EZ6_62971652663680904-edited-300x188.jpg 300w, https:\/\/lizguajardo.com\/wp-content\/uploads\/2023\/02\/20220515-EZ6_62971652663680904-edited-1024x640.jpg 1024w, https:\/\/lizguajardo.com\/wp-content\/uploads\/2023\/02\/20220515-EZ6_62971652663680904-edited-768x480.jpg 768w, https:\/\/lizguajardo.com\/wp-content\/uploads\/2023\/02\/20220515-EZ6_62971652663680904-edited-1536x960.jpg 1536w, https:\/\/lizguajardo.com\/wp-content\/uploads\/2023\/02\/20220515-EZ6_62971652663680904-edited-2048x1280.jpg 2048w\" sizes=\"(max-width: 2560px) 100vw, 2560px\" \/><div class=\"wp-block-cover__inner-container\">\n<h2 class=\"has-text-align-center\"><strong>Servicios para toda ocasi\u00f3n<\/strong><\/h2>\n\n\n\n<p class=\"has-text-align-center\">Todos nuestros servicios son flexibles, los podemos ajustar a tus necesidades.<\/p>\n<\/div><\/div>\n\n\n\n<div class=\"wp-block-uagb-container uagb-block-ed4a01e7\">\n<div class=\"wp-block-uagb-container uagb-block-ebf2db4b\">\n<div class=\"is-content-justification-center is-layout-flex wp-container-1 wp-block-buttons\">\n<div class=\"wp-block-button has-custom-font-size is-style-outline\" id=\"editorialpage\" style=\"font-size:32px\"><a class=\"wp-block-button__link has-ast-global-color-0-color has-text-color wp-element-button\" href=\"https:\/\/lizguajardo.com\/index.php\/editorial\/\" style=\"padding-top:var(--wp--preset--spacing--50);padding-right:var(--wp--preset--spacing--50);padding-bottom:var(--wp--preset--spacing--50);padding-left:var(--wp--preset--spacing--50)\"><strong>editorial<\/strong><\/a><\/div>\n<\/div>\n<\/div>\n\n\n\n<div class=\"wp-block-uagb-container uagb-block-cf11ae0d\">\n<div class=\"wp-block-uagb-advanced-heading uagb-block-64b04b6a\"><h1 class=\"uagb-heading-text\"><strong>Novias<\/strong><\/h1><\/div>\n<\/div>\n\n\n\n<div class=\"wp-block-uagb-container uagb-block-bbe86c6d\">\n<div class=\"wp-block-uagb-advanced-heading uagb-block-d250670b\"><h1 class=\"uagb-heading-text\"><strong>Sociales<\/strong><\/h1><\/div>\n<\/div>\n\n\n\n<div class=\"wp-block-uagb-container uagb-block-574d631e\">\n<div class=\"wp-block-uagb-advanced-heading uagb-block-d89b1d54\"><h1 class=\"uagb-heading-text\"><strong>Masterclass<\/strong><\/h1><\/div>\n<\/div>\n<\/div>\n\n\n\n<div class=\"wp-block-uagb-container uagb-block-06fbb759\"><\/div>\n<\/div>\n\n\n\n<div class=\"inherit-container-width is-layout-constrained wp-block-group alignfull has-background\" style=\"background-color:#171717\">\n<h2 class=\"has-text-align-center has-text-color\" style=\"color:#ffffff\">Novias<\/h2>\n\n\n\n<p class=\"has-text-align-center has-ast-global-color-4-color has-text-color\">Servicio de maquillaje para novias con enfoque en piel luminosa y acabado de alta duraci\u00f3n.<\/p>\n\n\n\n<div class=\"is-layout-flex wp-container-5 wp-block-columns alignwide are-vertically-aligned-center\">\n<div class=\"is-layout-flow wp-block-column is-vertically-aligned-center\">\n<figure class=\"wp-block-image size-large\"><img decoding=\"async\" loading=\"lazy\" width=\"683\" height=\"1024\" src=\"https:\/\/lizguajardo.com\/wp-content\/uploads\/2026\/04\/DSC04067-1-683x1024.jpg\" alt=\"\" class=\"wp-image-2103\" srcset=\"https:\/\/lizguajardo.com\/wp-content\/uploads\/2026\/04\/DSC04067-1-683x1024.jpg 683w, https:\/\/lizguajardo.com\/wp-content\/uploads\/2026\/04\/DSC04067-1-200x300.jpg 200w, https:\/\/lizguajardo.com\/wp-content\/uploads\/2026\/04\/DSC04067-1-768x1152.jpg 768w, https:\/\/lizguajardo.com\/wp-content\/uploads\/2026\/04\/DSC04067-1-1024x1536.jpg 1024w, https:\/\/lizguajardo.com\/wp-content\/uploads\/2026\/04\/DSC04067-1-1365x2048.jpg 1365w, https:\/\/lizguajardo.com\/wp-content\/uploads\/2026\/04\/DSC04067-1-scaled.jpg 1707w\" sizes=\"(max-width: 683px) 100vw, 683px\" \/><\/figure>\n<\/div>\n\n\n\n<div class=\"is-layout-flow wp-block-column is-vertically-aligned-center\">\n<figure class=\"wp-block-image size-large\"><img decoding=\"async\" loading=\"lazy\" width=\"683\" height=\"1024\" src=\"https:\/\/lizguajardo.com\/wp-content\/uploads\/2026\/04\/DSC03890-683x1024.jpg\" alt=\"\" class=\"wp-image-2107\" srcset=\"https:\/\/lizguajardo.com\/wp-content\/uploads\/2026\/04\/DSC03890-683x1024.jpg 683w, https:\/\/lizguajardo.com\/wp-content\/uploads\/2026\/04\/DSC03890-200x300.jpg 200w, https:\/\/lizguajardo.com\/wp-content\/uploads\/2026\/04\/DSC03890-768x1152.jpg 768w, https:\/\/lizguajardo.com\/wp-content\/uploads\/2026\/04\/DSC03890-1024x1536.jpg 1024w, https:\/\/lizguajardo.com\/wp-content\/uploads\/2026\/04\/DSC03890-1365x2048.jpg 1365w, https:\/\/lizguajardo.com\/wp-content\/uploads\/2026\/04\/DSC03890-scaled.jpg 1707w\" sizes=\"(max-width: 683px) 100vw, 683px\" \/><\/figure>\n<\/div>\n\n\n\n<div class=\"is-layout-flow wp-block-column is-vertically-aligned-center\">\n<figure class=\"wp-block-image size-large\"><img decoding=\"async\" loading=\"lazy\" width=\"683\" height=\"1024\" src=\"https:\/\/lizguajardo.com\/wp-content\/uploads\/2026\/04\/IMG_00551655331767300-1-1-683x1024.jpg\" alt=\"\" class=\"wp-image-2106\" srcset=\"https:\/\/lizguajardo.com\/wp-content\/uploads\/2026\/04\/IMG_00551655331767300-1-1-683x1024.jpg 683w, https:\/\/lizguajardo.com\/wp-content\/uploads\/2026\/04\/IMG_00551655331767300-1-1-200x300.jpg 200w, https:\/\/lizguajardo.com\/wp-content\/uploads\/2026\/04\/IMG_00551655331767300-1-1-768x1152.jpg 768w, https:\/\/lizguajardo.com\/wp-content\/uploads\/2026\/04\/IMG_00551655331767300-1-1-1024x1536.jpg 1024w, https:\/\/lizguajardo.com\/wp-content\/uploads\/2026\/04\/IMG_00551655331767300-1-1-1365x2048.jpg 1365w, https:\/\/lizguajardo.com\/wp-content\/uploads\/2026\/04\/IMG_00551655331767300-1-1-scaled.jpg 1707w\" sizes=\"(max-width: 683px) 100vw, 683px\" \/><\/figure>\n<\/div>\n<\/div>\n\n\n\n<p class=\"has-text-align-center has-ast-global-color-5-color has-text-color\">Incluye prueba previa para definir estilo, ajuste de detalles y asegurar un resultado alineado a tu evento.<\/p>\n\n\n\n<p class=\"has-text-align-center has-ast-global-color-5-color has-text-color\">Disponible para atenci\u00f3n personalizada y grupos.<\/p>\n<\/div>\n\n\n\n<div class=\"inherit-container-width is-layout-constrained wp-block-group alignfull has-background\" style=\"background-color:#151515\">\n<h2 class=\"has-text-color\" style=\"color:#ffffff\">Sociales<\/h2>\n\n\n\n<p class=\"has-ast-global-color-5-color has-text-color\">Maquillaje y peinado para eventos sociales.<\/p>\n\n\n\n<p class=\"has-ast-global-color-5-color has-text-color\">Looks actuales, favorecedores y adaptados a tu estilo personal, con productos de alta calidad para asegurar duraci\u00f3n y acabado en fotograf\u00eda.<\/p>\n\n\n\n<div class=\"is-layout-flex wp-container-11 wp-block-columns\">\n<div class=\"is-layout-flow wp-block-column\">\n<figure class=\"wp-block-image size-large\"><img decoding=\"async\" loading=\"lazy\" width=\"704\" height=\"1564\" src=\"https:\/\/lizguajardo.com\/wp-content\/uploads\/2026\/04\/IMG_20220621_124603-edited.jpg\" alt=\"\" class=\"wp-image-2112\" srcset=\"https:\/\/lizguajardo.com\/wp-content\/uploads\/2026\/04\/IMG_20220621_124603-edited.jpg 704w, https:\/\/lizguajardo.com\/wp-content\/uploads\/2026\/04\/IMG_20220621_124603-edited-135x300.jpg 135w, https:\/\/lizguajardo.com\/wp-content\/uploads\/2026\/04\/IMG_20220621_124603-edited-461x1024.jpg 461w, https:\/\/lizguajardo.com\/wp-content\/uploads\/2026\/04\/IMG_20220621_124603-edited-691x1536.jpg 691w\" sizes=\"(max-width: 704px) 100vw, 704px\" \/><\/figure>\n<\/div>\n\n\n\n<div class=\"is-layout-flow wp-block-column\">\n<figure class=\"is-layout-flex wp-block-gallery-8 wp-block-gallery has-nested-images columns-2\">\n<figure class=\"wp-block-image size-large\"><img decoding=\"async\" loading=\"lazy\" width=\"1423\" height=\"2530\" src=\"https:\/\/lizguajardo.com\/wp-content\/uploads\/2026\/04\/20260131_0953534-edited.jpg\" alt=\"\" class=\"wp-image-2114\" srcset=\"https:\/\/lizguajardo.com\/wp-content\/uploads\/2026\/04\/20260131_0953534-edited.jpg 1423w, https:\/\/lizguajardo.com\/wp-content\/uploads\/2026\/04\/20260131_0953534-edited-169x300.jpg 169w, https:\/\/lizguajardo.com\/wp-content\/uploads\/2026\/04\/20260131_0953534-edited-576x1024.jpg 576w, https:\/\/lizguajardo.com\/wp-content\/uploads\/2026\/04\/20260131_0953534-edited-768x1365.jpg 768w, https:\/\/lizguajardo.com\/wp-content\/uploads\/2026\/04\/20260131_0953534-edited-864x1536.jpg 864w, https:\/\/lizguajardo.com\/wp-content\/uploads\/2026\/04\/20260131_0953534-edited-1152x2048.jpg 1152w\" sizes=\"(max-width: 1423px) 100vw, 1423px\" \/><\/figure>\n\n\n\n<figure class=\"wp-block-image size-large\"><img decoding=\"async\" loading=\"lazy\" width=\"589\" height=\"1308\" src=\"https:\/\/lizguajardo.com\/wp-content\/uploads\/2026\/04\/2021-12-24-10_59_57.237-0600-edited.jpg\" alt=\"\" class=\"wp-image-2116\" srcset=\"https:\/\/lizguajardo.com\/wp-content\/uploads\/2026\/04\/2021-12-24-10_59_57.237-0600-edited.jpg 589w, https:\/\/lizguajardo.com\/wp-content\/uploads\/2026\/04\/2021-12-24-10_59_57.237-0600-edited-135x300.jpg 135w, https:\/\/lizguajardo.com\/wp-content\/uploads\/2026\/04\/2021-12-24-10_59_57.237-0600-edited-461x1024.jpg 461w\" sizes=\"(max-width: 589px) 100vw, 589px\" \/><\/figure>\n\n\n\n<figure class=\"wp-block-image size-large\"><img decoding=\"async\" loading=\"lazy\" width=\"1374\" height=\"2443\" src=\"https:\/\/lizguajardo.com\/wp-content\/uploads\/2026\/04\/20260118_1138261-edited.jpg\" alt=\"\" class=\"wp-image-2118\" srcset=\"https:\/\/lizguajardo.com\/wp-content\/uploads\/2026\/04\/20260118_1138261-edited.jpg 1374w, https:\/\/lizguajardo.com\/wp-content\/uploads\/2026\/04\/20260118_1138261-edited-169x300.jpg 169w, https:\/\/lizguajardo.com\/wp-content\/uploads\/2026\/04\/20260118_1138261-edited-576x1024.jpg 576w, https:\/\/lizguajardo.com\/wp-content\/uploads\/2026\/04\/20260118_1138261-edited-768x1366.jpg 768w, https:\/\/lizguajardo.com\/wp-content\/uploads\/2026\/04\/20260118_1138261-edited-864x1536.jpg 864w, https:\/\/lizguajardo.com\/wp-content\/uploads\/2026\/04\/20260118_1138261-edited-1152x2048.jpg 1152w\" sizes=\"(max-width: 1374px) 100vw, 1374px\" \/><\/figure>\n\n\n\n<figure class=\"wp-block-image size-large\"><img decoding=\"async\" loading=\"lazy\" width=\"1440\" height=\"2560\" src=\"https:\/\/lizguajardo.com\/wp-content\/uploads\/2026\/04\/lv_0_20260415175448-edited-scaled.jpg\" alt=\"\" class=\"wp-image-2120\" srcset=\"https:\/\/lizguajardo.com\/wp-content\/uploads\/2026\/04\/lv_0_20260415175448-edited-scaled.jpg 1440w, https:\/\/lizguajardo.com\/wp-content\/uploads\/2026\/04\/lv_0_20260415175448-edited-169x300.jpg 169w, https:\/\/lizguajardo.com\/wp-content\/uploads\/2026\/04\/lv_0_20260415175448-edited-576x1024.jpg 576w, https:\/\/lizguajardo.com\/wp-content\/uploads\/2026\/04\/lv_0_20260415175448-edited-768x1366.jpg 768w, https:\/\/lizguajardo.com\/wp-content\/uploads\/2026\/04\/lv_0_20260415175448-edited-864x1536.jpg 864w, https:\/\/lizguajardo.com\/wp-content\/uploads\/2026\/04\/lv_0_20260415175448-edited-1152x2048.jpg 1152w\" sizes=\"(max-width: 1440px) 100vw, 1440px\" \/><\/figure>\n<\/figure>\n<\/div>\n<\/div>\n<\/div>\n\n\n\n<div class=\"inherit-container-width is-layout-constrained wp-block-group alignfull has-background\" style=\"background-color:#151515\">\n<h1 class=\"has-text-align-center has-text-color\" style=\"color:#ffffff\">Masterclass<\/h1>\n\n\n\n<figure class=\"wp-block-image alignwide size-large\"><img decoding=\"async\" loading=\"lazy\" width=\"1024\" height=\"684\" src=\"https:\/\/lizguajardo.com\/wp-content\/uploads\/2026\/04\/DSC_6527-1024x684.jpg\" alt=\"\" class=\"wp-image-2122\" srcset=\"https:\/\/lizguajardo.com\/wp-content\/uploads\/2026\/04\/DSC_6527-1024x684.jpg 1024w, https:\/\/lizguajardo.com\/wp-content\/uploads\/2026\/04\/DSC_6527-300x200.jpg 300w, https:\/\/lizguajardo.com\/wp-content\/uploads\/2026\/04\/DSC_6527-768x513.jpg 768w, https:\/\/lizguajardo.com\/wp-content\/uploads\/2026\/04\/DSC_6527-1536x1025.jpg 1536w, https:\/\/lizguajardo.com\/wp-content\/uploads\/2026\/04\/DSC_6527-2048x1367.jpg 2048w\" sizes=\"(max-width: 1024px) 100vw, 1024px\" \/><\/figure>\n\n\n\n<p class=\"has-text-align-center has-ast-global-color-5-color has-text-color\">Cursos de automaquillaje dise\u00f1ados para que aprendas a replicar un look pulido y funcional en tu d\u00eda a d\u00eda.<\/p>\n\n\n\n<p class=\"has-text-align-center has-ast-global-color-4-color has-text-color\">Modalidades disponibles:<br>\u2022 Presencial (grupal)<br>\u2022 Online (pr\u00f3ximamente)<\/p>\n\n\n\n<p class=\"has-text-align-center has-ast-global-color-5-color has-text-color\">Enfoque pr\u00e1ctico, t\u00e9cnicas actuales y productos accesibles.<\/p>\n\n\n\n<div class=\"is-horizontal is-content-justification-center is-layout-flex wp-container-13 wp-block-buttons\"><\/div>\n<\/div>\n\n\n\n<p><\/p>\n\n\n\n<div class=\"wp-block-uagb-container uagb-block-ee67d8d6 alignfull uagb-is-root-container\"><div class=\"uagb-container-inner-blocks-wrap\">\n<div class=\"wp-block-uagb-advanced-heading uagb-block-fa799dce\"><h2 class=\"uagb-heading-text\">Testimonios<\/h2><\/div>\n\n\n\n<div class=\"wp-block-uagb-image aligncenter uagb-block-41b13752 wp-block-uagb-image--layout-default wp-block-uagb-image--effect-static wp-block-uagb-image--align-center\"><figure class=\"wp-block-uagb-image__figure\"><img decoding=\"async\" srcset=\"https:\/\/lizguajardo.com\/wp-content\/uploads\/2023\/02\/IMG_20230127_195812_683-edited.jpg \" src=\"https:\/\/lizguajardo.com\/wp-content\/uploads\/2023\/02\/IMG_20230127_195812_683-edited.jpg\" alt=\"\" class=\"uag-image-1981\" width=\"195\" height=\"759\" title=\"\" loading=\"lazy\"\/><\/figure><\/div>\n\n\n\n<div class=\"wp-block-uagb-info-box uagb-block-50a3a266 uagb-infobox__content-wrap  uagb-infobox-icon-above-title uagb-infobox-image-valign-top\"><div class=\"uagb-ifb-content\"><div class=\"uagb-ifb-icon-wrap\"><svg xmlns=\"https:\/\/www.w3.org\/2000\/svg\" viewBox=\"0 0 448 512\"><path d=\"M96 96C42.98 96 0 138.1 0 192s42.98 96 96 96c11.28 0 21.95-2.305 32-5.879V288c0 35.3-28.7 64-64 64c-17.67 0-32 14.33-32 32s14.33 32 32 32c70.58 0 128-57.42 128-128V192C192 138.1 149 96 96 96zM448 192c0-53.02-42.98-96-96-96s-96 42.98-96 96s42.98 96 96 96c11.28 0 21.95-2.305 32-5.879V288c0 35.3-28.7 64-64 64c-17.67 0-32 14.33-32 32s14.33 32 32 32c70.58 0 128-57.42 128-128V192z\"><\/path><\/svg><\/div><div class=\"uagb-ifb-title-wrap\"><\/div><p class=\"uagb-ifb-desc\">Encantada con el servicio. Liz me arregl\u00f3 para mi sesi\u00f3n save the date y no pude pedir atenci\u00f3n m\u00e1s personalizada, mi estilo es muy natural pero elegante, le dio al clavo. Recomiendo 100% sus servicios.<\/p><\/div><\/div>\n\n\n\n<div class=\"wp-block-uagb-advanced-heading uagb-block-7a4a4daa\"><h6 class=\"uagb-heading-text\">Daniela Cerda<\/h6><\/div>\n<\/div><\/div>\n","protected":false},"excerpt":{"rendered":"<p>Novias Servicio de maquillaje para novias con enfoque en piel luminosa y acabado de alta duraci\u00f3n. Incluye prueba previa para definir estilo, ajuste de detalles y asegurar un resultado alineado a tu evento. Disponible para atenci\u00f3n personalizada y grupos. Sociales Maquillaje y peinado para eventos sociales. Looks actuales, favorecedores y adaptados a tu estilo personal, &hellip;<\/p>\n<p class=\"read-more\"> <a class=\"\" href=\"https:\/\/lizguajardo.com\/\"> <span class=\"screen-reader-text\">Home<\/span> Read More &raquo;<\/a><\/p>\n","protected":false},"author":1,"featured_media":1966,"parent":0,"menu_order":0,"comment_status":"closed","ping_status":"closed","template":"","meta":{"_uag_custom_page_level_css":"","site-sidebar-layout":"no-sidebar","site-content-layout":"plain-container","ast-global-header-display":"","ast-main-header-display":"","ast-hfb-above-header-display":"","ast-hfb-below-header-display":"","ast-hfb-mobile-header-display":"","site-post-title":"disabled","ast-breadcrumbs-content":"disabled","ast-featured-img":"disabled","footer-sml-layout":"","theme-transparent-header-meta":"enabled","adv-header-id-meta":"","stick-header-meta":"","header-above-stick-meta":"","header-main-stick-meta":"","header-below-stick-meta":""},"uagb_featured_image_src":{"full":["https:\/\/lizguajardo.com\/wp-content\/uploads\/2023\/02\/carabn1655331767315-scaled.jpg",1685,2560,false],"thumbnail":["https:\/\/lizguajardo.com\/wp-content\/uploads\/2023\/02\/carabn1655331767315-150x150.jpg",150,150,true],"medium":["https:\/\/lizguajardo.com\/wp-content\/uploads\/2023\/02\/carabn1655331767315-198x300.jpg",198,300,true],"medium_large":["https:\/\/lizguajardo.com\/wp-content\/uploads\/2023\/02\/carabn1655331767315-768x1167.jpg",768,1167,true],"large":["https:\/\/lizguajardo.com\/wp-content\/uploads\/2023\/02\/carabn1655331767315-674x1024.jpg",674,1024,true],"1536x1536":["https:\/\/lizguajardo.com\/wp-content\/uploads\/2023\/02\/carabn1655331767315-1011x1536.jpg",1011,1536,true],"2048x2048":["https:\/\/lizguajardo.com\/wp-content\/uploads\/2023\/02\/carabn1655331767315-1348x2048.jpg",1348,2048,true]},"uagb_author_info":{"display_name":"admin@tignik.com","author_link":"https:\/\/lizguajardo.com\/index.php\/author\/admintignik-com\/"},"uagb_comment_info":0,"uagb_excerpt":"Novias Servicio de maquillaje para novias con enfoque en piel luminosa y acabado de alta duraci\u00f3n. Incluye prueba previa para definir estilo, ajuste de detalles y asegurar un resultado alineado a tu evento. Disponible para atenci\u00f3n personalizada y grupos. Sociales Maquillaje y peinado para eventos sociales. Looks actuales, favorecedores y adaptados a tu estilo personal,&hellip;","_links":{"self":[{"href":"https:\/\/lizguajardo.com\/index.php\/wp-json\/wp\/v2\/pages\/1299"}],"collection":[{"href":"https:\/\/lizguajardo.com\/index.php\/wp-json\/wp\/v2\/pages"}],"about":[{"href":"https:\/\/lizguajardo.com\/index.php\/wp-json\/wp\/v2\/types\/page"}],"author":[{"embeddable":true,"href":"https:\/\/lizguajardo.com\/index.php\/wp-json\/wp\/v2\/users\/1"}],"replies":[{"embeddable":true,"href":"https:\/\/lizguajardo.com\/index.php\/wp-json\/wp\/v2\/comments?post=1299"}],"version-history":[{"count":49,"href":"https:\/\/lizguajardo.com\/index.php\/wp-json\/wp\/v2\/pages\/1299\/revisions"}],"predecessor-version":[{"id":2168,"href":"https:\/\/lizguajardo.com\/index.php\/wp-json\/wp\/v2\/pages\/1299\/revisions\/2168"}],"wp:featuredmedia":[{"embeddable":true,"href":"https:\/\/lizguajardo.com\/index.php\/wp-json\/wp\/v2\/media\/1966"}],"wp:attachment":[{"href":"https:\/\/lizguajardo.com\/index.php\/wp-json\/wp\/v2\/media?parent=1299"}],"curies":[{"name":"wp","href":"https:\/\/api.w.org\/{rel}","templated":true}]}}